{"id":3542,"date":"2020-08-04T19:17:00","date_gmt":"2020-08-04T16:17:00","guid":{"rendered":"http:\/\/www.tangoturkradio.com\/?page_id=3542"},"modified":"2020-08-13T17:13:48","modified_gmt":"2020-08-13T14:13:48","slug":"carlos-gardel","status":"publish","type":"page","link":"https:\/\/www.tangoturkradio.com\/index.php\/carlos-gardel\/","title":{"rendered":"Carlos Gardel"},"content":{"rendered":"<p><div class=\"fusion-fullwidth fullwidth-box fusion-builder-row-1 nonhundred-percent-fullwidth non-hundred-percent-height-scrolling\"  style='background-color: #000000;background-position: center center;background-repeat: no-repeat;padding-top:0px;padding-right:0px;padding-bottom:0px;padding-left:0px;'><div class=\"fusion-builder-row fusion-row \"><div  class=\"fusion-layout-column fusion_builder_column fusion_builder_column_1_1 fusion-builder-column-0 fusion-one-full fusion-column-first fusion-column-last 1_1\"  style='margin-top:0px;margin-bottom:0px;'><div class=\"fusion-column-wrapper\" style=\"padding: 0px 0px 0px 0px;background-position:left top;background-repeat:no-repeat;-webkit-background-size:cover;-moz-background-size:cover;-o-background-size:cover;background-size:cover;\"   data-bg-url=\"\"><a class=\"fusion-modal-text-link\" href=\"#\"><iframe loading=\"lazy\" style=\"border: none;\" src=\"https:\/\/yayin.hostwin.net\/cp\/widgets\/player\/single\/?p=8020\" width=\"100%\" height=\"110\" scrolling=\"no\"><\/iframe><\/a><div class=\"fusion-clearfix\"><\/div><\/div><\/div><\/div><\/div><div class=\"fusion-fullwidth fullwidth-box fusion-builder-row-2 nonhundred-percent-fullwidth non-hundred-percent-height-scrolling\"  style='background-color: #000000;background-position: center center;background-repeat: no-repeat;padding-top:0px;padding-right:0px;padding-bottom:0px;padding-left:0px;margin-top: 19px;'><div class=\"fusion-builder-row fusion-row \"><div  class=\"fusion-layout-column fusion_builder_column fusion_builder_column_1_2 fusion-builder-column-1 fusion-one-half fusion-column-first 1_2\"  style='margin-top:0px;margin-bottom:0px;width:50%;width:calc(50% - ( ( 4% ) * 0.5 ) );margin-right: 4%;'><div class=\"fusion-column-wrapper\" style=\"padding: 0px 0px 0px 0px;background-position:left top;background-repeat:no-repeat;-webkit-background-size:cover;-moz-background-size:cover;-o-background-size:cover;background-size:cover;\"   data-bg-url=\"\"><div class=\"fusion-text\"><p style=\"font-size: 27px;\" data-fusion-font=\"true\"><b>CARLOS GARDEL<\/b><\/p>\n<p>(11 Aral\u0131k 1890, Touluse, Fransa \u2013 24 Haziran 1935, Medellin, Kolombiya )<\/p>\n<p>Tango tarihinin unutulmaz fig\u00fcrlerinden birisidir. Fransa\u2019da do\u011fmu\u015ftur. Kendisine \u201cCarlitos\u201d, \u201cTango\u2019nun Kral\u0131\u201d, \u201cEl Mago\u201d (Sihirbaz) ve ironik bir bi\u00e7imde \u201cEl Mudo\u201d (Sessiz) gibi isimler yak\u0131\u015ft\u0131r\u0131lm\u0131\u015ft\u0131r.<\/p>\n<p>Carlos Gardel, m\u00fczi\u011fe ilk ba\u015flad\u0131\u011f\u0131 andan itibaren \u00f6l\u00fcm\u00fcne kadar fark\u0131n\u0131 ortaya koyabilmi\u015f olan, yetenekli ve bir d\u00fcnya star\u0131 olabilecek kadar \u00f6zg\u00fcn, farkl\u0131 bir Arjantinli Tango \u015fark\u0131c\u0131s\u0131d\u0131r. Hatta, \u00f6yledir ki, Gardel \u00f6ld\u00fckten sonra hi\u00e7 kimsenin onun mertebesinde tango \u015fark\u0131s\u0131 s\u00f6ylemedi\u011fine inan\u0131lmaktad\u0131r.<\/p>\n<p>Karizmatik duru\u015f ve ki\u015fili\u011fiyle g\u00f6n\u00fclleri fetheden bu m\u00fczik efsanesi, yumu\u015fak bir bariton sese sahiptir. Duygusal bir ki\u015fili\u011fi nedeniyle, hayran kitlesi sanat hayat\u0131 boyunca \u00e7ok h\u0131zl\u0131 b\u00fcy\u00fcm\u00fc\u015ft\u00fcr. \u015eu an d\u00fcnyadaki tango m\u00fczi\u011fi alg\u0131s\u0131na ve dans\u0131na bu duru\u015fu ile y\u00f6n veren Gardel, eskiye nazaran daha hareketli olan tango m\u00fczi\u011fine romantizmi katm\u0131\u015ft\u0131r. Kendisinden \u00f6nceki d\u00f6nemki tango m\u00fczi\u011fi ve dans\u0131na farkl\u0131 bir soluk getiren Gardel, \u00f6nceleri bir alt kademe m\u00fczi\u011fi olarak ve be\u011fenilmeyen bir dans t\u00fcr\u00fc olarak ortaya \u00e7\u0131kan tangoyu, bir salon k\u00fclt\u00fcr\u00fcne ta\u015f\u0131m\u0131\u015f ve elit kesimin de benimsemesini sa\u011flam\u0131\u015ft\u0131r. Hatta, d\u00fcnyaya tangoyu bu naif duru\u015fuyla yayarak kabul\u00fcnde \u00f6nemli rol oynam\u0131\u015f, b\u00f6ylelikle de \u00f6nceleri tangoyu hor g\u00f6ren Arjantinlilerin de tangoya olan bak\u0131\u015f a\u00e7\u0131s\u0131n\u0131 de\u011fi\u015ftirmi\u015ftir.<\/p>\n<p>1906\u2019da hen\u00fcz lisede okurken, annesine hep m\u00fczi\u011fi ne kadar sevdi\u011fini anlatan Gardel, annesi onun bu sevgisini tam olarak anlayamasa da ve karn\u0131n\u0131 doyurmas\u0131 i\u00e7in m\u00fczi\u011fin iyi bir yol olmad\u0131\u011f\u0131n\u0131 s\u00f6ylese de, lise 2\u2019deyken yapmas\u0131 gereken i\u015fin \u015fark\u0131 s\u00f6ylemek oldu\u011funa inanarak liseyi b\u0131rakm\u0131\u015ft\u0131r. Gardel hem \u015f\u00f6hret hem de m\u00fczik kalitesi a\u00e7\u0131s\u0131ndan kendini daha iyi yere ta\u015f\u0131yabilecek basamaklar\u0131 \u00e7ok h\u0131zl\u0131 \u015fekilde t\u0131rmanm\u0131\u015f ve kariyeri de b\u00fcy\u00fck bir h\u0131zla y\u00fckselmi\u015ftir. Ancak, hen\u00fcz bu d\u00fcnyaya pek \u00e7ok tango m\u00fczi\u011fi eseri verebilecek kadar verimliyken Kolombiya\u2019da turnedeyken bir u\u00e7ak kazas\u0131 ge\u00e7irmi\u015ftir. \u00d6lmeden \u00f6nce s\u00f6yledi\u011fi son tango halen merakla aranan konulardan birisidir. Gardel, \u00f6lmeden \u00f6nce bir radyo yay\u0131n\u0131nda en son \u201cTomo y Obligo\u201d \u2018yu s\u00f6ylemi\u015ftir. M\u00fczik hayat\u0131 da \u00f6l\u00fcm\u00fc ile k\u0131sa s\u00fcrmesine kar\u015f\u0131n, 770 \u015fark\u0131 yapm\u0131\u015f ve bunun 514\u2019\u00fc de tango \u015fark\u0131s\u0131 olmu\u015ftur. En \u00fcnl\u00fc par\u00e7as\u0131 da Por una cabeza\u2019d\u0131r ve halen dans gecelerinde en \u00e7ok \u00e7al\u0131nan par\u00e7ad\u0131r.<\/p>\n<p>Gardel\u2019in Alfredo La Pera ile birlikte ortaya \u00e7\u0131kard\u0131klar\u0131 g\u00fcn\u00fcm\u00fczde art\u0131k klasikle\u015fmi\u015f tangolar aras\u0131ndan en \u00f6nemlileri \u015funlard\u0131r: Mi Buenos Aires querido, Cuesta abajo, Amores de estudiante, Soledad, Volver, Por una cabeza and El d\u00eda que me quieras.<\/p>\n<p>24 Haziran 1935\u2019te meydana gelen Kolombiya\u2019daki bu u\u00e7ak kazas\u0131 sonucunda hayat\u0131 sona eren Gardel\u2019in mezar\u0131 \u015fu an Buenos Aires\u2019te La Chacarita mezarl\u0131\u011f\u0131ndad\u0131r. Bu son dura\u011fa giderken hayranlar\u0131 taraf\u0131ndan b\u00fcy\u00fck \u00fcz\u00fcnt\u00fc ile yolcu edilen Gardel i\u00e7in son g\u00f6revlerini yapmak isteyen fenomenleri, New York \u2018tan Kolombiya\u2019ya, Rio de Janerio\u2019dan Montevideo\u2019ya kadar resmen izdiham yaratarak onu son yolculu\u011funa u\u011furlam\u0131\u015flard\u0131r. Defin i\u015flemi s\u0131ras\u0131nda Silencio (Sessizlik) isimli par\u00e7as\u0131 \u00e7al\u0131nm\u0131\u015ft\u0131r.<\/p>\n<p>Sevenleri, hala hi\u00e7 aksatmadan mezar\u0131n\u0131 ziyaret etmektedir. Hatta Gardel\u2019e olan hayranl\u0131\u011f\u0131 ile onun \u00f6l\u00fcm\u00fcn\u00fcn ard\u0131ndan uzun y\u0131llar ge\u00e7mesine ra\u011fmen mezar\u0131n\u0131n ba\u015f\u0131ndan eksik olmayan fenomenlerinin onun i\u00e7in hala s\u00f6yledi\u011fi tek \u015fey, \u201cGardel her ge\u00e7en g\u00fcn daha g\u00fczel s\u00f6yl\u00fcyor (Gardel sings better every day)\u201d s\u00f6z\u00fcd\u00fcr.<\/p>\n<p>B\u00fcy\u00fck bir b\u00f6l\u00fcm\u00fc Astor Piazzola\u2018n\u0131n daha modern altyap\u0131l\u0131 ve enstr\u00fcmantal tangolar\u0131 \u00fczerine kurulu \u201ctango\u201d (Carlos Saura) filminde dahi filmdeki y\u00f6netmen\/koreograf tayfas\u0131n\u0131n topluca beyaz perdede Carlos Gardel izleme sahnesi ile 1930\u2019lar\u0131n ba\u015f\u0131ndan bir videosu ile filmde yer alabilmi\u015f b\u00fct\u00fcn D\u00fcnyada tangonun kral\u0131 kabul edilen tango deyince ilk akla gelen ki\u015filiktir<\/p>\n<p>\u00d6rne\u011fin; Micheal Radford\u2018un neredeyse herkesi a\u011flatan \u201cIl Postino\u201d filminde, \u00fclkesi \u015eili\u2018den Sicilya\u2018n\u0131n bir k\u00f6y\u00fcne s\u00fcr\u00fclen \u015fair Pablo Neruda, (Philippe Noiret) ile e\u015finin k\u00f6y evinin salonunda Carlos Gardel\u2019in \u201cMadreselva\u201ds\u0131 ile yapt\u0131klar\u0131 tango sahnesi unutulmazd\u0131r.<\/p>\n<p>Kaynak: Bilgiustam \/ G\u00f6k\u00e7e C\u00f6mert<\/p>\n<p>Vikipedi\/ Carlos Gardel<\/p>\n<\/div><div class=\"fusion-clearfix\"><\/div><\/div><\/div><div  class=\"fusion-layout-column fusion_builder_column fusion_builder_column_1_2 fusion-builder-column-2 fusion-one-half fusion-column-last 1_2\"  style='margin-top:0px;margin-bottom:0px;width:50%;width:calc(50% - ( ( 4% ) * 0.5 ) );'><div class=\"fusion-column-wrapper\" style=\"padding: 0px 0px 0px 0px;background-position:left top;background-repeat:no-repeat;-webkit-background-size:cover;-moz-background-size:cover;-o-background-size:cover;background-size:cover;\"   data-bg-url=\"\"><div class=\"fusion-video fusion-youtube\" style=\"max-width:600px;max-height:360px;\"><div class=\"video-shortcode\"><iframe loading=\"lazy\" title=\"YouTube video player\" src=\"https:\/\/www.youtube.com\/embed\/SJ1aTPM-dyE?wmode=transparent&autoplay=0\" width=\"600\" height=\"360\" allowfullscreen allow=\"autoplay; fullscreen\"><\/iframe><\/div><\/div><div class=\"fusion-sep-clear\"><\/div><div class=\"fusion-separator fusion-full-width-sep sep-shadow\" style=\"background:radial-gradient(ellipse at 50% -50% , #edab07 0px, rgba(255, 255, 255, 0) 80%) repeat scroll 0 0 rgba(0, 0, 0, 0);background:-webkit-radial-gradient(ellipse at 50% -50% , #edab07 0px, rgba(255, 255, 255, 0) 80%) repeat scroll 0 0 rgba(0, 0, 0, 0);background:-moz-radial-gradient(ellipse at 50% -50% , #edab07 0px, rgba(255, 255, 255, 0) 80%) repeat scroll 0 0 rgba(0, 0, 0, 0);background:-o-radial-gradient(ellipse at 50% -50% , #edab07 0px, rgba(255, 255, 255, 0) 80%) repeat scroll 0 0 rgba(0, 0, 0, 0);margin-left: auto;margin-right: auto;margin-top:30px;margin-bottom:30px;\"><\/div><span class=\"fusion-imageframe imageframe-none imageframe-1 hover-type-none\"><img loading=\"lazy\" decoding=\"async\" src=\"https:\/\/www.tangoturkradio.com\/wp-content\/uploads\/2020\/08\/9065_gardel.jpg\" width=\"650\" height=\"440\" alt=\"\" title=\"9065_gardel\" class=\"img-responsive wp-image-3543\" srcset=\"https:\/\/www.tangoturkradio.com\/wp-content\/uploads\/2020\/08\/9065_gardel-200x135.jpg 200w, https:\/\/www.tangoturkradio.com\/wp-content\/uploads\/2020\/08\/9065_gardel-400x271.jpg 400w, https:\/\/www.tangoturkradio.com\/wp-content\/uploads\/2020\/08\/9065_gardel-600x406.jpg 600w, https:\/\/www.tangoturkradio.com\/wp-content\/uploads\/2020\/08\/9065_gardel.jpg 650w\" sizes=\"auto, (max-width: 800px) 100vw, 650px\" \/><\/span><div class=\"fusion-text\"><p>Your Content Goes Here<\/p>\n<\/div><span class=\"fusion-imageframe imageframe-none imageframe-2 hover-type-none\"><img loading=\"lazy\" decoding=\"async\" src=\"https:\/\/www.tangoturkradio.com\/wp-content\/uploads\/2020\/08\/281644040096.jpg\" width=\"400\" height=\"202\" alt=\"\" title=\"281644040096\" class=\"img-responsive wp-image-3544\" srcset=\"https:\/\/www.tangoturkradio.com\/wp-content\/uploads\/2020\/08\/281644040096-200x101.jpg 200w, https:\/\/www.tangoturkradio.com\/wp-content\/uploads\/2020\/08\/281644040096.jpg 400w\" sizes=\"auto, (max-width: 800px) 100vw, 400px\" \/><\/span><div class=\"fusion-text\"><p>Your Content Goes Here<\/p>\n<\/div><span class=\"fusion-imageframe imageframe-none imageframe-3 hover-type-none\"><img loading=\"lazy\" decoding=\"async\" src=\"https:\/\/www.tangoturkradio.com\/wp-content\/uploads\/2020\/08\/carlosgardelextra_vert-60364dcda8305cccd22aef2990b65ea01f34a9e5-s800-c85.jpg\" width=\"800\" height=\"1066\" alt=\"\" title=\"carlosgardelextra_vert-60364dcda8305cccd22aef2990b65ea01f34a9e5-s800-c85\" class=\"img-responsive wp-image-3545\" srcset=\"https:\/\/www.tangoturkradio.com\/wp-content\/uploads\/2020\/08\/carlosgardelextra_vert-60364dcda8305cccd22aef2990b65ea01f34a9e5-s800-c85-200x267.jpg 200w, https:\/\/www.tangoturkradio.com\/wp-content\/uploads\/2020\/08\/carlosgardelextra_vert-60364dcda8305cccd22aef2990b65ea01f34a9e5-s800-c85-400x533.jpg 400w, https:\/\/www.tangoturkradio.com\/wp-content\/uploads\/2020\/08\/carlosgardelextra_vert-60364dcda8305cccd22aef2990b65ea01f34a9e5-s800-c85-600x800.jpg 600w, https:\/\/www.tangoturkradio.com\/wp-content\/uploads\/2020\/08\/carlosgardelextra_vert-60364dcda8305cccd22aef2990b65ea01f34a9e5-s800-c85.jpg 800w\" sizes=\"auto, (max-width: 800px) 100vw, 800px\" \/><\/span><div class=\"fusion-text\"><p>Your Content Goes Here<\/p>\n<\/div><div class=\"fusion-clearfix\"><\/div><\/div><\/div><\/div><\/div><style type=\"text\/css\">.fusion-fullwidth.fusion-builder-row-2 a:not(.fusion-button):not(.fusion-builder-module-control):not(.fusion-social-network-icon):not(.fb-icon-element):not(.fusion-countdown-link):not(.fusion-rollover-link):not(.fusion-rollover-gallery):not(.fusion-button-bar):not(.add_to_cart_button):not(.show_details_button):not(.product_type_external):not(.fusion-quick-view):not(.fusion-rollover-title-link):not(.fusion-breadcrumb-link) , .fusion-fullwidth.fusion-builder-row-2 a:not(.fusion-button):not(.fusion-builder-module-control):not(.fusion-social-network-icon):not(.fb-icon-element):not(.fusion-countdown-link):not(.fusion-rollover-link):not(.fusion-rollover-gallery):not(.fusion-button-bar):not(.add_to_cart_button):not(.show_details_button):not(.product_type_external):not(.fusion-quick-view):not(.fusion-rollover-title-link):not(.fusion-breadcrumb-link):before, .fusion-fullwidth.fusion-builder-row-2 a:not(.fusion-button):not(.fusion-builder-module-control):not(.fusion-social-network-icon):not(.fb-icon-element):not(.fusion-countdown-link):not(.fusion-rollover-link):not(.fusion-rollover-gallery):not(.fusion-button-bar):not(.add_to_cart_button):not(.show_details_button):not(.product_type_external):not(.fusion-quick-view):not(.fusion-rollover-title-link):not(.fusion-breadcrumb-link):after {color: #bc2b29;}.fusion-fullwidth.fusion-builder-row-2 a:not(.fusion-button):not(.fusion-builder-module-control):not(.fusion-social-network-icon):not(.fb-icon-element):not(.fusion-countdown-link):not(.fusion-rollover-link):not(.fusion-rollover-gallery):not(.fusion-button-bar):not(.add_to_cart_button):not(.show_details_button):not(.product_type_external):not(.fusion-quick-view):not(.fusion-rollover-title-link):not(.fusion-breadcrumb-link):hover, .fusion-fullwidth.fusion-builder-row-2 a:not(.fusion-button):not(.fusion-builder-module-control):not(.fusion-social-network-icon):not(.fb-icon-element):not(.fusion-countdown-link):not(.fusion-rollover-link):not(.fusion-rollover-gallery):not(.fusion-button-bar):not(.add_to_cart_button):not(.show_details_button):not(.product_type_external):not(.fusion-quick-view):not(.fusion-rollover-title-link):not(.fusion-breadcrumb-link):hover:before, .fusion-fullwidth.fusion-builder-row-2 a:not(.fusion-button):not(.fusion-builder-module-control):not(.fusion-social-network-icon):not(.fb-icon-element):not(.fusion-countdown-link):not(.fusion-rollover-link):not(.fusion-rollover-gallery):not(.fusion-button-bar):not(.add_to_cart_button):not(.show_details_button):not(.product_type_external):not(.fusion-quick-view):not(.fusion-rollover-title-link):not(.fusion-breadcrumb-link):hover:after {color: #ebbe50;}.fusion-fullwidth.fusion-builder-row-2 .pagination a.inactive:hover, .fusion-fullwidth.fusion-builder-row-2 .fusion-filters .fusion-filter.fusion-active a {border-color: #ebbe50;}.fusion-fullwidth.fusion-builder-row-2 .pagination .current {border-color: #ebbe50; background-color: #ebbe50;}.fusion-fullwidth.fusion-builder-row-2 .fusion-filters .fusion-filter.fusion-active a, .fusion-fullwidth.fusion-builder-row-2 .fusion-date-and-formats .fusion-format-box, .fusion-fullwidth.fusion-builder-row-2 .fusion-popover, .fusion-fullwidth.fusion-builder-row-2 .tooltip-shortcode {color: #ebbe50;}#main .fusion-fullwidth.fusion-builder-row-2 .post .blog-shortcode-post-title a:hover {color: #ebbe50;}<\/style><div class=\"fusion-fullwidth fullwidth-box fusion-builder-row-3 nonhundred-percent-fullwidth non-hundred-percent-height-scrolling\"  style='background-color: #000000;background-position: center center;background-repeat: no-repeat;padding-top:0px;padding-right:0px;padding-bottom:0px;padding-left:0px;'><div class=\"fusion-builder-row fusion-row \"><div  class=\"fusion-layout-column fusion_builder_column fusion_builder_column_1_1 fusion-builder-column-3 fusion-one-full fusion-column-first fusion-column-last 1_1\"  style='margin-top:0px;margin-bottom:0px;'><div class=\"fusion-column-wrapper\" style=\"padding: 0px 0px 0px 0px;background-position:left top;background-repeat:no-repeat;-webkit-background-size:cover;-moz-background-size:cover;-o-background-size:cover;background-size:cover;\"   data-bg-url=\"\"><div class=\"fusion-button-wrapper fusion-align-block\"><style type=\"text\/css\">.fusion-button.button-1 {border-radius:3px;}<\/style><a class=\"fusion-button button-flat fusion-button-default-size button-default button-1 fusion-button-span-yes fusion-button-default-type\" target=\"_self\" href=\"https:\/\/www.tangoturkradio.com\/index.php\/tango-muzisyenleri\/\"><span class=\"fusion-button-text\">tango m\u00fczisyenleri sayfas\u0131na d\u00f6n\u00fcn\u00fcz!<\/span><\/a><\/div><div class=\"fusion-clearfix\"><\/div><\/div><\/div><\/div><\/div><style type=\"text\/css\">.fusion-fullwidth.fusion-builder-row-3 a:not(.fusion-button):not(.fusion-builder-module-control):not(.fusion-social-network-icon):not(.fb-icon-element):not(.fusion-countdown-link):not(.fusion-rollover-link):not(.fusion-rollover-gallery):not(.fusion-button-bar):not(.add_to_cart_button):not(.show_details_button):not(.product_type_external):not(.fusion-quick-view):not(.fusion-rollover-title-link):not(.fusion-breadcrumb-link) , .fusion-fullwidth.fusion-builder-row-3 a:not(.fusion-button):not(.fusion-builder-module-control):not(.fusion-social-network-icon):not(.fb-icon-element):not(.fusion-countdown-link):not(.fusion-rollover-link):not(.fusion-rollover-gallery):not(.fusion-button-bar):not(.add_to_cart_button):not(.show_details_button):not(.product_type_external):not(.fusion-quick-view):not(.fusion-rollover-title-link):not(.fusion-breadcrumb-link):before, .fusion-fullwidth.fusion-builder-row-3 a:not(.fusion-button):not(.fusion-builder-module-control):not(.fusion-social-network-icon):not(.fb-icon-element):not(.fusion-countdown-link):not(.fusion-rollover-link):not(.fusion-rollover-gallery):not(.fusion-button-bar):not(.add_to_cart_button):not(.show_details_button):not(.product_type_external):not(.fusion-quick-view):not(.fusion-rollover-title-link):not(.fusion-breadcrumb-link):after {color: #bc2b29;}.fusion-fullwidth.fusion-builder-row-3 a:not(.fusion-button):not(.fusion-builder-module-control):not(.fusion-social-network-icon):not(.fb-icon-element):not(.fusion-countdown-link):not(.fusion-rollover-link):not(.fusion-rollover-gallery):not(.fusion-button-bar):not(.add_to_cart_button):not(.show_details_button):not(.product_type_external):not(.fusion-quick-view):not(.fusion-rollover-title-link):not(.fusion-breadcrumb-link):hover, .fusion-fullwidth.fusion-builder-row-3 a:not(.fusion-button):not(.fusion-builder-module-control):not(.fusion-social-network-icon):not(.fb-icon-element):not(.fusion-countdown-link):not(.fusion-rollover-link):not(.fusion-rollover-gallery):not(.fusion-button-bar):not(.add_to_cart_button):not(.show_details_button):not(.product_type_external):not(.fusion-quick-view):not(.fusion-rollover-title-link):not(.fusion-breadcrumb-link):hover:before, .fusion-fullwidth.fusion-builder-row-3 a:not(.fusion-button):not(.fusion-builder-module-control):not(.fusion-social-network-icon):not(.fb-icon-element):not(.fusion-countdown-link):not(.fusion-rollover-link):not(.fusion-rollover-gallery):not(.fusion-button-bar):not(.add_to_cart_button):not(.show_details_button):not(.product_type_external):not(.fusion-quick-view):not(.fusion-rollover-title-link):not(.fusion-breadcrumb-link):hover:after {color: #ebbe50;}.fusion-fullwidth.fusion-builder-row-3 .pagination a.inactive:hover, .fusion-fullwidth.fusion-builder-row-3 .fusion-filters .fusion-filter.fusion-active a {border-color: #ebbe50;}.fusion-fullwidth.fusion-builder-row-3 .pagination .current {border-color: #ebbe50; background-color: #ebbe50;}.fusion-fullwidth.fusion-builder-row-3 .fusion-filters .fusion-filter.fusion-active a, .fusion-fullwidth.fusion-builder-row-3 .fusion-date-and-formats .fusion-format-box, .fusion-fullwidth.fusion-builder-row-3 .fusion-popover, .fusion-fullwidth.fusion-builder-row-3 .tooltip-shortcode {color: #ebbe50;}#main .fusion-fullwidth.fusion-builder-row-3 .post .blog-shortcode-post-title a:hover {color: #ebbe50;}<\/style><\/p>\n","protected":false},"excerpt":{"rendered":"","protected":false},"author":1,"featured_media":0,"parent":0,"menu_order":0,"comment_status":"closed","ping_status":"closed","template":"","meta":{"footnotes":""},"class_list":["post-3542","page","type-page","status-publish","hentry"],"_links":{"self":[{"href":"https:\/\/www.tangoturkradio.com\/index.php\/wp-json\/wp\/v2\/pages\/3542","targetHints":{"allow":["GET"]}}],"collection":[{"href":"https:\/\/www.tangoturkradio.com\/index.php\/wp-json\/wp\/v2\/pages"}],"about":[{"href":"https:\/\/www.tangoturkradio.com\/index.php\/wp-json\/wp\/v2\/types\/page"}],"author":[{"embeddable":true,"href":"https:\/\/www.tangoturkradio.com\/index.php\/wp-json\/wp\/v2\/users\/1"}],"replies":[{"embeddable":true,"href":"https:\/\/www.tangoturkradio.com\/index.php\/wp-json\/wp\/v2\/comments?post=3542"}],"version-history":[{"count":4,"href":"https:\/\/www.tangoturkradio.com\/index.php\/wp-json\/wp\/v2\/pages\/3542\/revisions"}],"predecessor-version":[{"id":3572,"href":"https:\/\/www.tangoturkradio.com\/index.php\/wp-json\/wp\/v2\/pages\/3542\/revisions\/3572"}],"wp:attachment":[{"href":"https:\/\/www.tangoturkradio.com\/index.php\/wp-json\/wp\/v2\/media?parent=3542"}],"curies":[{"name":"wp","href":"https:\/\/api.w.org\/{rel}","templated":true}]}}